{"id":187,"date":"2023-05-28T19:22:24","date_gmt":"2023-05-28T22:22:24","guid":{"rendered":"https:\/\/aabig.org.br\/site\/?page_id=187"},"modified":"2023-05-28T19:43:11","modified_gmt":"2023-05-28T22:43:11","slug":"utilidade-publica","status":"publish","type":"page","link":"https:\/\/aabig.org.br\/site\/utilidade-publica\/","title":{"rendered":"Utilidade P\u00fablica"},"content":{"rendered":"<h2 class=\"wp-block-heading\">Comunica\u00e7\u00e3o de utilidade p\u00fablica<\/h2><p>Destina a divulgar direitos, produtos e servi\u00e7os do BRASIL colocados \u00e0 disposi\u00e7\u00e3o dos cidad\u00e3os com o objetivo de informar, educar e orientar a popula\u00e7\u00e3o:<\/p><h2 class=\"wp-block-heading\"><strong><em>Onde se cadastrar<\/em><\/strong> para <strong><em>EST\u00c1GIOS<\/em><\/strong> (PR):<\/h2><ul class=\"wp-block-list\"><\/ul><ol>\n<li><strong>CENTRAL DE EST\u00c1GIO<\/strong> \u2013 Secretaria da Adm. e Previd\u00eancia do Estado do Paran\u00e1. <br \/>Site para cadastro: <a style=\"font-size: revert;\" href=\"http:\/\/www.centraldeestagio.pr.gov.br\/\" target=\"_blank\" rel=\"noopener\"><strong>www.centraldeestagio.pr.gov.br<\/strong><\/a><\/li>\n<li><strong>CEINNE \u2013 <\/strong>Centro de Integra\u00e7\u00e3o Nacional de Est\u00e1gios para Estudantes.<br \/><span style=\"font-size: revert;\">Endere\u00e7o: Pra\u00e7a Tiradentes, 236 \u2013 Conj. 205-Centro Curitiba-PR.<\/span><br \/><b> <\/b><span style=\"font-size: revert;\">Site para cadastro: <\/span><a style=\"font-size: revert;\" href=\"http:\/\/www.ceinee.org.br\/\" target=\"_blank\" rel=\"noopener\"><strong>www.ceinee.org.br\u00a0<\/strong><\/a><\/li>\n<li><strong style=\"font-size: revert;\">CIEE- <\/strong><span style=\"font-size: revert;\">Centro Integra\u00e7\u00e3o Empresa Escola.<br \/>Telefone: (41)3313-4344<br \/>Site para cadastro: <a style=\"font-size: revert;\" href=\"http:\/\/www.cieepr.org.br\/\" target=\"_blank\" rel=\"noopener\"><strong>www.cieepr.org.br<\/strong><\/a><\/span><\/li>\n<\/ol>\n<ol start=\"4\">\n<li><strong>EDUCARE- <\/strong>Educa\u00e7\u00e3o, Trabalho e Cidadania<strong><br \/><\/strong><span style=\"font-size: revert;\">Site para cadastro: <\/span><a style=\"font-size: revert;\" href=\"http:\/\/www.educare.org.br\/\" target=\"_blank\" rel=\"noopener\"><strong>www.educare.org.br<\/strong><\/a><\/li>\n<li><strong style=\"font-size: revert;\">IEL- <\/strong>Instituto Euvaldo Lodi do Paran\u00e1<br \/>Site para cadastro: <a style=\"font-size: revert;\" href=\"http:\/\/www.ielpr.org.br\/\" target=\"_blank\" rel=\"noopener\"><strong>www.ielpr.org.br<\/strong><\/a><\/li>\n<li><strong style=\"font-size: revert;\">Prefeitura Municipal de Curitiba<br \/><\/strong>Site para cadastro: <a style=\"font-size: revert;\" href=\"http:\/\/www.imap.curitiba.pr.gov.br\/\" target=\"_blank\" rel=\"noopener\"><strong>www.imap.curitiba.pr.gov.br<\/strong><\/a><\/li>\n<li><strong>Prefeitura Municipal de Pinhais<br \/><\/strong><strong style=\"font-size: revert;\">Endere\u00e7o: <\/strong><span style=\"font-size: revert;\">Rua Wanda dos Santos Mallmann,536-Centro-Pinhais-PR <br \/>Site para cadastro<\/span><strong style=\"font-size: revert;\">: <\/strong><a style=\"font-size: revert;\" href=\"http:\/\/www.pinhais.pr.org.br\/\" target=\"_blank\" rel=\"noopener\"><strong>www.pinhais.pr.org.br<\/strong><\/a><\/li>\n<li><strong>PROEST\u00c1GIOS<br \/>Telefone: <\/strong>(41)3029-9254<strong><br \/><\/strong><span style=\"font-size: revert;\">Site para cadastro<\/span><strong style=\"font-size: revert;\">:\u00a0 <\/strong><a style=\"font-size: revert;\" href=\"http:\/\/www.proestagios.com.br\/\" target=\"_blank\" rel=\"noopener\"><strong>www.proestagios.com.br<\/strong><\/a><\/li>\n<li><strong> SINE \u2013 Servi\u00e7o Nacional de Empregos (Trabalha Brasil)<br \/><\/strong><span style=\"font-size: revert;\">Site para cadastro<\/span>:<strong style=\"font-size: revert;\">\u00a0<\/strong><a style=\"font-size: revert;\" href=\"http:\/\/www.sine.com.br\/vagas-empregos-em-curitiba-pr\/estagiario\" target=\"_blank\" rel=\"noopener\"><strong>http:\/\/www.sine.com.br\/vagas-empregos-em<\/strong><strong>-curitiba-pr\/estagiario<\/strong><\/a><\/li>\n<li><strong style=\"font-size: revert;\">Tribunal de Justi\u00e7a do Estado do Paran\u00e1<br \/><\/strong><span style=\"font-size: revert;\">Site para cadastro<\/span><strong style=\"font-size: revert;\">: <\/strong><a style=\"font-size: revert;\" href=\"http:\/\/www.tjpr.jus.br\/\" target=\"_blank\" rel=\"noopener\"><strong>www.tjpr.jus.br<\/strong><\/a><strong style=\"font-size: revert;\">\u00a0\u00a0<\/strong><\/li>\n<\/ol>","protected":false},"excerpt":{"rendered":"<p>Comunica\u00e7\u00e3o de utilidade p\u00fablica Destina a divulgar direitos, produtos e servi\u00e7os do BRASIL colocados \u00e0 disposi\u00e7\u00e3o dos cidad\u00e3os com o objetivo de informar, educar e orientar a popula\u00e7\u00e3o: Onde se cadastrar para EST\u00c1GIOS (PR): CENTRAL DE EST\u00c1GIO \u2013 Secretaria da Adm. e Previd\u00eancia do Estado do Paran\u00e1. Site para cadastro: www.centraldeestagio.pr.gov.br CEINNE \u2013 Centro de [&hellip;]<\/p>\n","protected":false},"author":1,"featured_media":0,"parent":0,"menu_order":0,"comment_status":"closed","ping_status":"closed","template":"","meta":{"footnotes":""},"class_list":["post-187","page","type-page","status-publish","hentry"],"_links":{"self":[{"href":"https:\/\/aabig.org.br\/site\/wp-json\/wp\/v2\/pages\/187","targetHints":{"allow":["GET"]}}],"collection":[{"href":"https:\/\/aabig.org.br\/site\/wp-json\/wp\/v2\/pages"}],"about":[{"href":"https:\/\/aabig.org.br\/site\/wp-json\/wp\/v2\/types\/page"}],"author":[{"embeddable":true,"href":"https:\/\/aabig.org.br\/site\/wp-json\/wp\/v2\/users\/1"}],"replies":[{"embeddable":true,"href":"https:\/\/aabig.org.br\/site\/wp-json\/wp\/v2\/comments?post=187"}],"version-history":[{"count":8,"href":"https:\/\/aabig.org.br\/site\/wp-json\/wp\/v2\/pages\/187\/revisions"}],"predecessor-version":[{"id":202,"href":"https:\/\/aabig.org.br\/site\/wp-json\/wp\/v2\/pages\/187\/revisions\/202"}],"wp:attachment":[{"href":"https:\/\/aabig.org.br\/site\/wp-json\/wp\/v2\/media?parent=187"}],"curies":[{"name":"wp","href":"https:\/\/api.w.org\/{rel}","templated":true}]}}