{"id":24,"date":"2021-03-11T16:47:41","date_gmt":"2021-03-11T19:47:41","guid":{"rendered":"http:\/\/aabig.org.br\/site\/?page_id=24"},"modified":"2022-06-13T22:06:06","modified_gmt":"2022-06-14T01:06:06","slug":"home","status":"publish","type":"page","link":"https:\/\/aabig.org.br\/site\/","title":{"rendered":""},"content":{"rendered":"<h2 class=\"has-text-align-center wp-block-heading\">Bem vindo ao site da Associa\u00e7\u00e3o<br>Beneficente Irm\u00e3 G\u00ea &#8211;&nbsp;ABIG<\/h2><p class=\"has-text-align-center\">Acreditamos que a educa\u00e7\u00e3o \u00e9 o meio de transforma\u00e7\u00e3o da sociedade e com isso estamos investindo para auxiliar na transforma\u00e7\u00e3o aqui em Colombo, regi\u00e3o metropolitana de Curitiba no Paran\u00e1.<\/p><figure class=\"wp-block-video\"><video height=\"640\" style=\"aspect-ratio: 640 \/ 640;\" width=\"640\" controls src=\"http:\/\/aabig.org.br\/site\/wp-content\/uploads\/2022\/06\/Video-para-a-pag-ABIG.mp4\"><\/video><\/figure><div class=\"wp-block-buttons alignwide is-horizontal is-content-justification-center is-layout-flex wp-container-core-buttons-is-layout-499968f5 wp-block-buttons-is-layout-flex\"><div class=\"wp-block-button is-style-fill\"><a class=\"wp-block-button__link\" href=\"http:\/\/aabig.org.br\/site\/?page_id=87\" rel=\"https:\/\/aabig.org.br\/site\/atuacao\">quero saber mais<\/a><\/div><\/div><p><\/p>","protected":false},"excerpt":{"rendered":"<p>Bem vindo ao site da Associa\u00e7\u00e3oBeneficente Irm\u00e3 G\u00ea &#8211;&nbsp;ABIG Acreditamos que a educa\u00e7\u00e3o \u00e9 o meio de transforma\u00e7\u00e3o da sociedade e com isso estamos investindo para auxiliar na transforma\u00e7\u00e3o aqui em Colombo, regi\u00e3o metropolitana de Curitiba no Paran\u00e1.<\/p>\n","protected":false},"author":1,"featured_media":16,"parent":0,"menu_order":0,"comment_status":"closed","ping_status":"closed","template":"","meta":{"footnotes":""},"class_list":["post-24","page","type-page","status-publish","has-post-thumbnail","hentry"],"_links":{"self":[{"href":"https:\/\/aabig.org.br\/site\/wp-json\/wp\/v2\/pages\/24","targetHints":{"allow":["GET"]}}],"collection":[{"href":"https:\/\/aabig.org.br\/site\/wp-json\/wp\/v2\/pages"}],"about":[{"href":"https:\/\/aabig.org.br\/site\/wp-json\/wp\/v2\/types\/page"}],"author":[{"embeddable":true,"href":"https:\/\/aabig.org.br\/site\/wp-json\/wp\/v2\/users\/1"}],"replies":[{"embeddable":true,"href":"https:\/\/aabig.org.br\/site\/wp-json\/wp\/v2\/comments?post=24"}],"version-history":[{"count":23,"href":"https:\/\/aabig.org.br\/site\/wp-json\/wp\/v2\/pages\/24\/revisions"}],"predecessor-version":[{"id":179,"href":"https:\/\/aabig.org.br\/site\/wp-json\/wp\/v2\/pages\/24\/revisions\/179"}],"wp:featuredmedia":[{"embeddable":true,"href":"https:\/\/aabig.org.br\/site\/wp-json\/wp\/v2\/media\/16"}],"wp:attachment":[{"href":"https:\/\/aabig.org.br\/site\/wp-json\/wp\/v2\/media?parent=24"}],"curies":[{"name":"wp","href":"https:\/\/api.w.org\/{rel}","templated":true}]}}