{"id":54,"date":"2021-08-14T17:09:49","date_gmt":"2021-08-14T20:09:49","guid":{"rendered":"http:\/\/aabig.org.br\/site\/?page_id=54"},"modified":"2025-08-28T17:31:08","modified_gmt":"2025-08-28T20:31:08","slug":"aabig","status":"publish","type":"page","link":"https:\/\/aabig.org.br\/site\/aabig\/","title":{"rendered":"A ABIG"},"content":{"rendered":"<h2 class=\"wp-block-heading has-text-align-left\">Como surgimos e por qu\u00ea ABIG?<\/h2><p>A Sr\u00aa Genadi Guilherme Oliveira dos Santos sempre buscou oferecer aos seus filhos a educa\u00e7\u00e3o como meio de transforma\u00e7\u00e3o dos seus sonhos. E continuou estendendo sua filosofia na comunidade eveng\u00e9lica onde participa, oferecendo o ensino de m\u00fasica, ficando assim conhecida como a Irm\u00e3 G\u00ea. Para expandir sua atua\u00e7\u00e3o al\u00e9m da m\u00fasica e oferecer assist\u00eancia n\u00e3o s\u00f3 para a comunidade evang\u00e9lica, junto com seus filhos e apoiadores da ideia, fundou em 2018 em Colombo-PR a ABIG -Associa\u00e7\u00e3o Beneficente Irm\u00e3 G\u00ea.<\/p><figure class=\"wp-block-video\"><video controls src=\"https:\/\/aabig.org.br\/site\/wp-content\/uploads\/2021\/08\/aabig_2021-1.mp4\"><\/video><\/figure><h2 class=\"wp-block-heading\">Como pretendemos impactar a sociedade?<\/h2><p>Auxiliando o crescimento intelectual do aluno limpando obst\u00e1culos no ensino regular, atrav\u00e9s das melhores t\u00e9cnicas do mercado, contando com professores capacitados em sua \u00e1rea de atua\u00e7\u00e3o. Alunos com dificuldades em seus estudos, que querem aprender o idioma de ingl\u00eas, ou at\u00e9 mesmo terminar seus estudos ser\u00e3o atendidos pela ABIG, que proporciona bolsas patrocinados pelos mantenedores, de 50% at\u00e9 100% das mensalidades. A mensalidade \u00e9 para a manuten\u00e7\u00e3o do Projeto ABIG com valores diferenciados do mercado.<\/p><h2 class=\"wp-block-heading\">Reconhecimento como Utilidade P\u00fablica Municipal:<\/h2><p><a href=\"https:\/\/www.diariomunicipal.com.br\/amp\/materia\/E327F92E\/3ba26836bb3bea74297398097d4a8edd3ba26836bb3bea74297398097d4a8edd\" data-type=\"link\" data-id=\"https:\/\/www.diariomunicipal.com.br\/amp\/materia\/E327F92E\/3ba26836bb3bea74297398097d4a8edd3ba26836bb3bea74297398097d4a8edd\">LEI N\u00ba 1.773\/2024 COLOMBO-PR.<\/a><\/p><h2 class=\"wp-block-heading\">Nossos dados:<\/h2><p><strong>Presidente:<\/strong> <em>Genadi Guilherme Oliveira dos Santos <\/em><br><strong>CNPJ<\/strong>: <em>39.311.039\/0001-65<\/em><br><strong>Raz\u00e3o Social<\/strong>: <em>ASSOCIACAO BENEFICENTE IRMA GE &#8211; ABIG<\/em><br><strong>Nome Fantasia<\/strong>: <em>ABIG<\/em><br><strong>Endere\u00e7o de Atendimento: <\/strong><em>Rua dos Eucaliptos, 1218 &#8211; Maracan\u00e3, Colombo &#8211; PR<\/em> (<a href=\"https:\/\/maps.app.goo.gl\/duGUJPGMfJbCTyxUA\" data-type=\"link\" data-id=\"https:\/\/share.google\/CJpFdyTqWv0evlz4t\" target=\"_blank\" rel=\"noreferrer noopener\">Clique aqui para abrir o Mapa<\/a>)<br><strong>CEP<\/strong>: <em>83.408-485<\/em><br><strong>PIX<\/strong>: 3<em>9311.039000165 (Chave CNPJ)<\/em><br><strong>Banco:<\/strong> <em>Cora SCD &#8211; 403<\/em><br><strong>Conta Corrente:<\/strong> <em>1097369-3<\/em><br><strong>Ag\u00eancia:<\/strong> <em>0001<\/em><\/p>","protected":false},"excerpt":{"rendered":"<p>Como surgimos e por qu\u00ea ABIG? A Sr\u00aa Genadi Guilherme Oliveira dos Santos sempre buscou oferecer aos seus filhos a educa\u00e7\u00e3o como meio de transforma\u00e7\u00e3o dos seus sonhos. E continuou estendendo sua filosofia na comunidade eveng\u00e9lica onde participa, oferecendo o ensino de m\u00fasica, ficando assim conhecida como a Irm\u00e3 G\u00ea. Para expandir sua atua\u00e7\u00e3o al\u00e9m [&hellip;]<\/p>\n","protected":false},"author":1,"featured_media":0,"parent":0,"menu_order":0,"comment_status":"closed","ping_status":"closed","template":"","meta":{"footnotes":""},"class_list":["post-54","page","type-page","status-publish","hentry"],"_links":{"self":[{"href":"https:\/\/aabig.org.br\/site\/wp-json\/wp\/v2\/pages\/54","targetHints":{"allow":["GET"]}}],"collection":[{"href":"https:\/\/aabig.org.br\/site\/wp-json\/wp\/v2\/pages"}],"about":[{"href":"https:\/\/aabig.org.br\/site\/wp-json\/wp\/v2\/types\/page"}],"author":[{"embeddable":true,"href":"https:\/\/aabig.org.br\/site\/wp-json\/wp\/v2\/users\/1"}],"replies":[{"embeddable":true,"href":"https:\/\/aabig.org.br\/site\/wp-json\/wp\/v2\/comments?post=54"}],"version-history":[{"count":10,"href":"https:\/\/aabig.org.br\/site\/wp-json\/wp\/v2\/pages\/54\/revisions"}],"predecessor-version":[{"id":254,"href":"https:\/\/aabig.org.br\/site\/wp-json\/wp\/v2\/pages\/54\/revisions\/254"}],"wp:attachment":[{"href":"https:\/\/aabig.org.br\/site\/wp-json\/wp\/v2\/media?parent=54"}],"curies":[{"name":"wp","href":"https:\/\/api.w.org\/{rel}","templated":true}]}}