{"id":65,"date":"2021-08-14T17:32:40","date_gmt":"2021-08-14T20:32:40","guid":{"rendered":"http:\/\/aabig.org.br\/site\/?page_id=65"},"modified":"2022-11-16T13:34:18","modified_gmt":"2022-11-16T16:34:18","slug":"atuacao","status":"publish","type":"page","link":"https:\/\/aabig.org.br\/site\/atuacao\/","title":{"rendered":"ATUA\u00c7\u00c3O"},"content":{"rendered":"<h2 class=\"wp-block-heading\">Vamos crescer juntos?<\/h2><p>N\u00e3o h\u00e1 mais obst\u00e1culos para seu crescimento! A ABIG chegou exclusivamente para voc\u00ea que deseja concretizar seus sonhos com as melhores t\u00e9cnicas de ensino do mercado, contando com professores capacitados em suas \u00e1reas de atua\u00e7\u00e3o.<\/p><figure class=\"wp-block-pullquote\"><blockquote><p>Aulas de Ingl\u00eas:<\/p><\/blockquote><\/figure><div class=\"wp-block-media-text alignwide is-stacked-on-mobile\"><figure class=\"wp-block-media-text__media\"><img loading=\"lazy\" decoding=\"async\" width=\"368\" height=\"189\" src=\"http:\/\/aabig.org.br\/site\/wp-content\/uploads\/2021\/08\/english-abig.png\" alt=\"\" class=\"wp-image-68 size-full\" srcset=\"https:\/\/aabig.org.br\/site\/wp-content\/uploads\/2021\/08\/english-abig.png 368w, https:\/\/aabig.org.br\/site\/wp-content\/uploads\/2021\/08\/english-abig-300x154.png 300w\" sizes=\"auto, (max-width: 368px) 100vw, 368px\" \/><\/figure><div class=\"wp-block-media-text__content\"><p class=\"has-large-font-size\">Quer aprender um novo idioma?<br>Quer aprimorar seu ingl\u00eas?<br>Fazer um interc\u00e2mbio?<br>Ter melhores oportunidades de trabalho?<br>Venha realizar o seu sonho com o nosso curso de ingl\u00eas!<br>Vamos desbravar o mundo!<br>Entre em contato para mais informa\u00e7\u00f5es:<\/p><\/div><\/div><figure class=\"wp-block-pullquote\"><blockquote><p>Acompanhamento e Refor\u00e7o Escolar:<\/p><\/blockquote><\/figure><div class=\"wp-block-media-text alignwide is-stacked-on-mobile\"><figure class=\"wp-block-media-text__media\"><img loading=\"lazy\" decoding=\"async\" width=\"368\" height=\"189\" src=\"http:\/\/aabig.org.br\/site\/wp-content\/uploads\/2021\/08\/reforco-escolar-abig-1.png\" alt=\"\" class=\"wp-image-69 size-full\" srcset=\"https:\/\/aabig.org.br\/site\/wp-content\/uploads\/2021\/08\/reforco-escolar-abig-1.png 368w, https:\/\/aabig.org.br\/site\/wp-content\/uploads\/2021\/08\/reforco-escolar-abig-1-300x154.png 300w\" sizes=\"auto, (max-width: 368px) 100vw, 368px\" \/><\/figure><div class=\"wp-block-media-text__content\"><p class=\"has-large-font-size\">Est\u00e1 com dificuldade em Portugu\u00eas?<br>Matem\u00e1tica? Na escola?<br>Na Faculdade? No cursinho?<br>No Trabalho?<br>Venha ter um refor\u00e7o em seu aprendizado nessas mat\u00e9rias conosco!<br>Queremos lhe oportunizar um grande avan\u00e7o!<br> Entre em contato para mais informa\u00e7\u00f5es:<\/p><\/div><\/div><figure class=\"wp-block-pullquote\"><blockquote><p>Preparat\u00f3rio Encceja\/Enem\/Vestibular:<\/p><\/blockquote><\/figure><div class=\"wp-block-media-text alignwide is-stacked-on-mobile\"><figure class=\"wp-block-media-text__media\"><img loading=\"lazy\" decoding=\"async\" width=\"368\" height=\"189\" src=\"http:\/\/aabig.org.br\/site\/wp-content\/uploads\/2021\/08\/encceja-abig-1.jpg\" alt=\"\" class=\"wp-image-70 size-full\" srcset=\"https:\/\/aabig.org.br\/site\/wp-content\/uploads\/2021\/08\/encceja-abig-1.jpg 368w, https:\/\/aabig.org.br\/site\/wp-content\/uploads\/2021\/08\/encceja-abig-1-300x154.jpg 300w\" sizes=\"auto, (max-width: 368px) 100vw, 368px\" \/><\/figure><div class=\"wp-block-media-text__content\"><p class=\"has-large-font-size\">Quer terminar os seus estudos?<br>Ter melhores oportunidades de trabalho?<br>Continuar a estudar e obter a t\u00e3o sonhada profiss\u00e3o?<br>Venha se preparar para a prova do Encceja\/Enem\/Vestibular conosco!<br>Acreditamos que alcan\u00e7ar\u00e1 seus objetivos!<br>Entre em contato para mais informa\u00e7\u00f5es:<\/p><\/div><\/div>","protected":false},"excerpt":{"rendered":"<p>Vamos crescer juntos? N\u00e3o h\u00e1 mais obst\u00e1culos para seu crescimento! A ABIG chegou exclusivamente para voc\u00ea que deseja concretizar seus sonhos com as melhores t\u00e9cnicas de ensino do mercado, contando com professores capacitados em suas \u00e1reas de atua\u00e7\u00e3o. Aulas de Ingl\u00eas: Quer aprender um novo idioma?Quer aprimorar seu ingl\u00eas?Fazer um interc\u00e2mbio?Ter melhores oportunidades de trabalho?Venha [&hellip;]<\/p>\n","protected":false},"author":1,"featured_media":0,"parent":0,"menu_order":0,"comment_status":"closed","ping_status":"closed","template":"","meta":{"footnotes":""},"class_list":["post-65","page","type-page","status-publish","hentry"],"_links":{"self":[{"href":"https:\/\/aabig.org.br\/site\/wp-json\/wp\/v2\/pages\/65","targetHints":{"allow":["GET"]}}],"collection":[{"href":"https:\/\/aabig.org.br\/site\/wp-json\/wp\/v2\/pages"}],"about":[{"href":"https:\/\/aabig.org.br\/site\/wp-json\/wp\/v2\/types\/page"}],"author":[{"embeddable":true,"href":"https:\/\/aabig.org.br\/site\/wp-json\/wp\/v2\/users\/1"}],"replies":[{"embeddable":true,"href":"https:\/\/aabig.org.br\/site\/wp-json\/wp\/v2\/comments?post=65"}],"version-history":[{"count":6,"href":"https:\/\/aabig.org.br\/site\/wp-json\/wp\/v2\/pages\/65\/revisions"}],"predecessor-version":[{"id":185,"href":"https:\/\/aabig.org.br\/site\/wp-json\/wp\/v2\/pages\/65\/revisions\/185"}],"wp:attachment":[{"href":"https:\/\/aabig.org.br\/site\/wp-json\/wp\/v2\/media?parent=65"}],"curies":[{"name":"wp","href":"https:\/\/api.w.org\/{rel}","templated":true}]}}